{"id":8790,"date":"2025-08-21T14:42:57","date_gmt":"2025-08-21T14:42:57","guid":{"rendered":"https:\/\/milacreativeworks.com\/?page_id=8790"},"modified":"2025-10-11T17:55:04","modified_gmt":"2025-10-11T17:55:04","slug":"contact","status":"publish","type":"page","link":"https:\/\/milacreativeworks.com\/tr\/contact\/","title":{"rendered":"Contact"},"content":{"rendered":"<div class=\"wpb-content-wrapper\"><section id=\"ut-section-69e11ae48ddfb\" data-vc-full-width=\"true\" data-vc-full-width-init=\"false\" data-cursor-skin=\"global\" class=\"vc_section ut-vc-160 vc_section-has-no-fill ut-section-69e11ae48de0d\"><div id=\"ut-row-69e11ae48e69b\" data-vc-full-width=\"true\" data-vc-full-width-init=\"false\" class=\"vc_row wpb_row vc_row-fluid vc_column-gap-0 ut-row-69e11ae48e6a7\" ><div class=\"wpb_column vc_column_container vc_col-sm-12 vc_col-lg-12\" ><div id=\"ut_inner_column_69e11ae48ee56\" class=\"vc_column-inner\" ><div class=\"wpb_wrapper\"><div class=\"wpb_content_element\"><style type=\"text\/css\">#ut_header_69e11ae48f318 h2.section-title { font-size:80px !important;line-height:88px !important;letter-spacing:-0.05em; }#ut_header_69e11ae48f318 .lead ins { color:#ffffff; }#ut_header_69e11ae48f318 .lead ins { font-weight:normal; }#ut_header_69e11ae48f318.pt-style-2 .page-title span:after, #ut_header_69e11ae48f318.pt-style-2 .parallax-title span:after, #ut_header_69e11ae48f318.pt-style-2 .section-title span:after { background-color:#ff6f00 !important;}<\/style><header id=\"ut_header_69e11ae48f318\" class=\"section-header  ut-no-title-linebreak-mobile ut-no-lead-linebreak-mobile pt-style-2 header-center header-tablet-center header-mobile-center element-with-custom-line-height\"><div class=\"element-with-custom-line-height\" ><h2 data-title=\"Get Connected.\"  data-responsive-font=\"section_title\" data-responsive-font-settings=\"{&quot;base-font-size&quot;:&quot;global&quot;,&quot;font-size&quot;:{&quot;desktop_large&quot;:&quot;80&quot;},&quot;base-line-height&quot;:&quot;global&quot;,&quot;line-height&quot;:{&quot;desktop_large&quot;:&quot;88&quot;},&quot;base-letter-spacing&quot;:&quot;global&quot;,&quot;letter-spacing&quot;:{&quot;desktop_large&quot;:&quot;-0.05&quot;}}\" class=\"section-title\"><span>Get Connected.<\/span><\/h2><\/div><div data-delay=\"0\" class=\"lead\"><p>Every connection is the start of a new idea.<\/p>\n<\/div><\/header><\/div><\/div><\/div><\/div><\/div><div class=\"vc_row-full-width vc_clearfix\"><\/div><div id=\"ut-row-69e11ae494b7a\" data-vc-full-width=\"true\" data-vc-full-width-init=\"false\" class=\"vc_row wpb_row vc_row-fluid vc_column-gap-0 ut-row-69e11ae494b93\" ><div class=\"wpb_column vc_column_container vc_col-sm-6\" ><div id=\"ut_inner_column_69e11ae4952bf\" class=\"vc_column-inner\" ><div class=\"wpb_wrapper\"><style type=\"text\/css\">#ut_custom_heading69e11ae49536d { color:#555555; }#ut_custom_heading69e11ae49536d { font-size:12px !important;line-height:28px !important; }#ut_custom_heading69e11ae49536d { text-align:left; }@media (min-width: 768px) and (max-width: 1024px) { #ut_custom_heading69e11ae49536d { text-align:left; } }@media (max-width: 767px) { #ut_custom_heading69e11ae49536d { text-align:center; } }<\/style><p id=\"ut_custom_heading69e11ae49536d\" data-responsive-font=\"p\" data-responsive-font-settings=\"{&quot;base-font-size&quot;:&quot;12&quot;,&quot;font-size-unit&quot;:&quot;px&quot;,&quot;font-size&quot;:{&quot;desktop_large&quot;:&quot;12&quot;},&quot;base-line-height&quot;:&quot;global&quot;,&quot;line-height&quot;:{&quot;desktop_large&quot;:&quot;28&quot;},&quot;base-letter-spacing&quot;:&quot;global&quot;}\" class=\"ut-custom-heading-module\" ><span class=\"\" >Please fill out the form below to share your project ideas, requests or inquiries.<br \/>\nOur team will get back to you as soon as possible.<\/span><\/p>\r\n<div id=\"vc-sep-69e11ae495b74\" class=\"vc_separator wpb_content_element vc_separator_align_center vc_sep_width_100 vc_sep_pos_align_center vc_separator_no_text vc_sep_color_grey  wpb_content_element\" ><span class=\"vc_sep_holder vc_sep_holder_l\"><span  class=\"vc_sep_line\"><\/span><\/span><span class=\"vc_sep_holder vc_sep_holder_r\"><span  class=\"vc_sep_line\"><\/span><\/span>\r\n<\/div><div id=\"ut_cf7_colors_69e11ae495bc4\" class=\"wpb_content_element ut-cf7-dark-skin\">\n<div class=\"wpcf7 no-js\" id=\"wpcf7-f8796-o1\" lang=\"en-US\" dir=\"ltr\" data-wpcf7-id=\"8796\">\n<div class=\"screen-reader-response\"><p role=\"status\" aria-live=\"polite\" aria-atomic=\"true\"><\/p> <ul><\/ul><\/div>\n<form action=\"\/tr\/wp-json\/wp\/v2\/pages\/8790#wpcf7-f8796-o1\" method=\"post\" class=\"wpcf7-form init\" aria-label=\"Contact form\" enctype=\"multipart\/form-data\" novalidate=\"novalidate\" data-status=\"init\" data-trp-original-action=\"\/tr\/wp-json\/wp\/v2\/pages\/8790#wpcf7-f8796-o1\">\n<fieldset class=\"hidden-fields-container\"><input type=\"hidden\" name=\"_wpcf7\" value=\"8796\" \/><input type=\"hidden\" name=\"_wpcf7_version\" value=\"6.1.5\" \/><input type=\"hidden\" name=\"_wpcf7_locale\" value=\"en_US\" \/><input type=\"hidden\" name=\"_wpcf7_unit_tag\" value=\"wpcf7-f8796-o1\" \/><input type=\"hidden\" name=\"_wpcf7_container_post\" value=\"0\" \/><input type=\"hidden\" name=\"_wpcf7_posted_data_hash\" value=\"\" \/><input type=\"hidden\" name=\"_wpcf7_recaptcha_response\" value=\"\" \/>\n<\/fieldset>\n<label> Full Name\n    <span class=\"wpcf7-form-control-wrap\" data-name=\"your-name\"><input size=\"40\" maxlength=\"400\" class=\"wpcf7-form-control wpcf7-text wpcf7-validates-as-required\" autocomplete=\"name\" aria-required=\"true\" aria-invalid=\"false\" placeholder=\"Name Surname\" value=\"\" type=\"text\" name=\"your-name\" \/><\/span>\n<\/label>\n\n<label> Email Address\n    <span class=\"wpcf7-form-control-wrap\" data-name=\"your-email\"><input size=\"40\" maxlength=\"400\" class=\"wpcf7-form-control wpcf7-email wpcf7-validates-as-required wpcf7-text wpcf7-validates-as-email\" autocomplete=\"email\" aria-required=\"true\" aria-invalid=\"false\" placeholder=\"name@example.com\" value=\"\" type=\"email\" name=\"your-email\" \/><\/span>\n<\/label>\n\n<label> Phone Number (Optional)\n    <span class=\"wpcf7-form-control-wrap\" data-name=\"your-phone\"><input size=\"40\" maxlength=\"400\" class=\"wpcf7-form-control wpcf7-tel wpcf7-text wpcf7-validates-as-tel\" aria-invalid=\"false\" placeholder=\"+90 5XX XXX XX XX\" value=\"\" type=\"tel\" name=\"your-phone\" \/><\/span>\n<\/label>\n\n<p>Project Type (You can select more than one)<\/p>\n<span class=\"wpcf7-form-control-wrap\" data-name=\"project-type\"><span class=\"wpcf7-form-control wpcf7-checkbox wpcf7-validates-as-required\"><span class=\"wpcf7-list-item first\"><label><input type=\"checkbox\" name=\"project-type[]\" value=\"Production\" \/><span class=\"wpcf7-list-item-label\">Production<\/span><\/label><\/span><span class=\"wpcf7-list-item\"><label><input type=\"checkbox\" name=\"project-type[]\" value=\"Post-Production\" \/><span class=\"wpcf7-list-item-label\">Post-Production<\/span><\/label><\/span><span class=\"wpcf7-list-item\"><label><input type=\"checkbox\" name=\"project-type[]\" value=\"Animation\" \/><span class=\"wpcf7-list-item-label\">Animation<\/span><\/label><\/span><span class=\"wpcf7-list-item\"><label><input type=\"checkbox\" name=\"project-type[]\" value=\"Color Grading\" \/><span class=\"wpcf7-list-item-label\">Color Grading<\/span><\/label><\/span><span class=\"wpcf7-list-item last\"><label><input type=\"checkbox\" name=\"project-type[]\" value=\"Other\" \/><span class=\"wpcf7-list-item-label\">Other<\/span><\/label><\/span><\/span><\/span>\n\n<br><br>\n\n<label> Project Title \/ Idea\n    <span class=\"wpcf7-form-control-wrap\" data-name=\"your-subject\"><input size=\"40\" maxlength=\"400\" class=\"wpcf7-form-control wpcf7-text\" aria-invalid=\"false\" placeholder=\"e.g., Documentary Series Proposal\" value=\"\" type=\"text\" name=\"your-subject\" \/><\/span>\n<\/label>\n\n<label> Describe your project\n    <span class=\"wpcf7-form-control-wrap\" data-name=\"your-message\"><textarea cols=\"40\" rows=\"10\" maxlength=\"2000\" class=\"wpcf7-form-control wpcf7-textarea\" aria-invalid=\"false\" placeholder=\"Tell us about your project, requirements or vision...\" name=\"your-message\"><\/textarea><\/span>\n<\/label>\n\n<label> Attach a file (max 5MB)\n    <span class=\"wpcf7-form-control-wrap\" data-name=\"your-file\"><input size=\"40\" class=\"wpcf7-form-control wpcf7-file\" accept=\".pdf,.doc,.docx,.jpg,.jpeg,.png,.mp4\" aria-invalid=\"false\" type=\"file\" name=\"your-file\" \/><\/span>\n<\/label>\n\n<p class=\"form-disclaimer\" style=\"font-size:12px; color:#666;\">By sending this form, you agree that your data will be used solely to respond to your inquiry.<\/p>\n\n\n<input class=\"wpcf7-form-control wpcf7-submit has-spinner\" type=\"submit\" value=\"Send Message\" \/><div class=\"wpcf7-response-output\" aria-hidden=\"true\"><\/div>\n<input type=\"hidden\" name=\"trp-form-language\" value=\"tr\"\/><\/form>\n<\/div>\n<\/div>\r\n<style type=\"text\/css\">\r\n\r\n    \r\n    #ut-empty-space-69e11ae49883c {\r\n        height: 80px    }\r\n\r\n    \r\n        @media (min-width: 768px) and (max-width: 1200px) {\r\n        #ut-empty-space-69e11ae49883c {\r\n        height: 80px;\r\n        display: block;\r\n    }\r\n    }\r\n    \r\n    \r\n    @media (max-width: 767px) {\r\n        #ut-empty-space-69e11ae49883c {\r\n        height: 80px;\r\n        display: block;\r\n    }\r\n    }\r\n\r\n    \r\n<\/style>\r\n\r\n<div class=\"vc_empty_space\" id=\"ut-empty-space-69e11ae49883c\"><span class=\"vc_empty_space_inner\"><\/span><\/div><\/div><\/div><\/div><div class=\"wpb_column vc_column_container vc_col-sm-6\" ><div id=\"ut_inner_column_69e11ae498d42\" class=\"vc_column-inner\" ><div class=\"wpb_wrapper\"><div  class=\"wpb_content_element   clearfix\"><style type=\"text\/css\">#ut_am_69e11ae499319 { opacity: 1; }#ut_am_wrap_69e11ae49931b { text-align: center; }@media (min-width: 768px) and (max-width: 1024px) { #ut_am_wrap_69e11ae49931b { text-align: center !important; } }@media (max-width: 767px) { #ut_am_wrap_69e11ae49931b { text-align: center !important; } }<\/style><div id=\"ut_am_wrap_69e11ae49931b\" class=\"ut-image-gallery-image\"><div id=\"ut_reveal_69e11ae49931c\"  data-appear-top-offset=\"auto\" class=\"ut-animated-image-item ut-image-gallery-item ut-animation-done\"><a class=\"ut-deactivated-link\" href=\"#\"><div class=\"ut-animated-image-zoom\">\r\n        <div class=\"ut-element-glitch-wrap\">\r\n\r\n            \r\n        <style type=\"text\/css\">\r\n\r\n                        \r\n        @media (min-width: 1025px) {\r\n\r\n        #ut-element-glitch-69e11ae499354576586648-8756 .ut-glitch-single-element {\r\n                                            \r\n                }\r\n        }\r\n\r\n        @media (min-width: 768px) and (max-width: 1024px) {\r\n\r\n        #ut-element-glitch-69e11ae499354576586648-8756 .ut-glitch-single-element {\r\n                                                \r\n                    }\r\n        }\r\n\r\n        @media (max-width: 767px) {\r\n\r\n        #ut-element-glitch-69e11ae499354576586648-8756 .ut-glitch-single-element {\r\n                                                \r\n                    }\r\n        }\r\n\r\n        \r\n        <\/style>\r\n\r\n        \r\n            <div id=\"ut-element-glitch-69e11ae499354576586648-8756\" class=\"ut-element-glitch ut-glitch-none ut-element-glitch-permanent\">\r\n                <div class=\"ut-glitch-single-element ut-lozad skip-lazy\" data-background-image=\"https:\/\/milacreativeworks.com\/wp-content\/uploads\/MCW-Icon-144x144-1.png\"><\/div>\r\n                <div class=\"ut-glitch-single-element ut-lozad skip-lazy\" data-background-image=\"https:\/\/milacreativeworks.com\/wp-content\/uploads\/MCW-Icon-144x144-1.png\"><\/div>\r\n                <div class=\"ut-glitch-single-element ut-lozad skip-lazy\" data-background-image=\"https:\/\/milacreativeworks.com\/wp-content\/uploads\/MCW-Icon-144x144-1.png\"><\/div>\r\n                <div class=\"ut-glitch-single-element ut-lozad skip-lazy\" data-background-image=\"https:\/\/milacreativeworks.com\/wp-content\/uploads\/MCW-Icon-144x144-1.png\"><\/div>\r\n                <div class=\"ut-glitch-single-element ut-lozad skip-lazy\" data-background-image=\"https:\/\/milacreativeworks.com\/wp-content\/uploads\/MCW-Icon-144x144-1.png\"><\/div>\r\n            <\/div>\r\n\r\n        <\/div>\r\n\r\n        <img loading=\"lazy\" decoding=\"async\" class=\"ut-lazy skip-lazy ut-animated-image\"  id=\"ut_am_69e11ae499319\" src=\"data:image\/svg+xml;charset=utf-8,%3Csvg xmlns%3D'http%3A%2F%2Fwww.w3.org%2F2000%2Fsvg' viewBox%3D'0 0 144 144'%2F%3E\" data-src=\"https:\/\/milacreativeworks.com\/wp-content\/uploads\/MCW-Icon-144x144-1.png\" width=\"144\" height=\"144\" alt=\"\"\/><\/div><\/a><\/div><\/div><\/div><style type=\"text\/css\">#ut_custom_heading69e11ae499419 { font-size:14px !important;line-height:28px !important; }#ut_custom_heading69e11ae499419 { text-align:center; }@media (min-width: 768px) and (max-width: 1024px) { #ut_custom_heading69e11ae499419 { text-align:center; } }@media (max-width: 767px) { #ut_custom_heading69e11ae499419 { text-align:center; } }<\/style><p id=\"ut_custom_heading69e11ae499419\" data-responsive-font=\"p\" data-responsive-font-settings=\"{&quot;base-font-size&quot;:&quot;global&quot;,&quot;font-size&quot;:{&quot;desktop_large&quot;:&quot;14&quot;},&quot;base-line-height&quot;:&quot;global&quot;,&quot;line-height&quot;:{&quot;desktop_large&quot;:&quot;28&quot;},&quot;base-letter-spacing&quot;:&quot;global&quot;}\" class=\"ut-custom-heading-module\" ><span class=\"\" ><a title=\"\" href=\"tel:+905336255337\" target=\"_blank\" >Mobile: +90 (533) 625 53 37<\/a><\/span><\/p><style type=\"text\/css\">#ut_custom_heading69e11ae499501 { font-size:14px !important;line-height:28px !important; }#ut_custom_heading69e11ae499501 { text-align:center; }@media (min-width: 768px) and (max-width: 1024px) { #ut_custom_heading69e11ae499501 { text-align:center; } }@media (max-width: 767px) { #ut_custom_heading69e11ae499501 { text-align:center; } }<\/style><p id=\"ut_custom_heading69e11ae499501\" data-responsive-font=\"p\" data-responsive-font-settings=\"{&quot;base-font-size&quot;:&quot;global&quot;,&quot;font-size&quot;:{&quot;desktop_large&quot;:&quot;14&quot;},&quot;base-line-height&quot;:&quot;global&quot;,&quot;line-height&quot;:{&quot;desktop_large&quot;:&quot;28&quot;},&quot;base-letter-spacing&quot;:&quot;global&quot;}\" class=\"ut-custom-heading-module\" ><span class=\"\" ><a title=\"\" href=\"mailto:contact@milacreativeworks.com\" target=\"_self\" >e-mail: contact@milacreativeworks.com<\/a><\/span><\/p><style type=\"text\/css\">#ut_custom_heading69e11ae49958f { font-size:14px !important;line-height:28px !important; }#ut_custom_heading69e11ae49958f { text-align:center; }@media (min-width: 768px) and (max-width: 1024px) { #ut_custom_heading69e11ae49958f { text-align:center; } }@media (max-width: 767px) { #ut_custom_heading69e11ae49958f { text-align:center; } }<\/style><p id=\"ut_custom_heading69e11ae49958f\" data-responsive-font=\"p\" data-responsive-font-settings=\"{&quot;base-font-size&quot;:&quot;global&quot;,&quot;font-size&quot;:{&quot;desktop_large&quot;:&quot;14&quot;},&quot;base-line-height&quot;:&quot;global&quot;,&quot;line-height&quot;:{&quot;desktop_large&quot;:&quot;28&quot;},&quot;base-letter-spacing&quot;:&quot;global&quot;}\" class=\"ut-custom-heading-module\" ><span class=\"\" >Kad\u0131k\u00f6y \u0130stanbul, 34714<\/span><\/p>\r\n<div id=\"vc-sep-69e11ae49983f\" class=\"vc_separator wpb_content_element vc_separator_align_center vc_sep_width_100 vc_sep_pos_align_center vc_separator_no_text vc_sep_color_grey  wpb_content_element\" ><span class=\"vc_sep_holder vc_sep_holder_l\"><span  class=\"vc_sep_line\"><\/span><\/span><span class=\"vc_sep_holder vc_sep_holder_r\"><span  class=\"vc_sep_line\"><\/span><\/span>\r\n<\/div><div class=\"wpb_content_element\"><style class=\"bklyn-inline-styles\" type=\"text\/css\">#ut_sf_69e11ae4998aa li a i { color: #777777; }#ut_sf_69e11ae4998aa li a:hover i { color: #000000; }#ut_sf_69e11ae4998aa li a:focus i { color: #000000; }#ut_sf_69e11ae4998aa { font-size: 30px; }<\/style><ul id=\"ut_sf_69e11ae4998aa\" class=\"ut-social-follow-module  ut-social-follow-module-center ut-social-follow-module-tablet-center ut-social-follow-module-mobile-center ut-social-follow-module-20\" data-settings=\"{&quot;animate&quot;:false,&quot;effect&quot;:&quot;&quot;,&quot;delay_animation&quot;:false,&quot;global_delay_animation&quot;:false,&quot;delay_timer&quot;:100,&quot;global_delay_timer&quot;:100}\"><li  class=\"ut-social-follow-0 ut-social-follow-icon-only\"><a class=\"ut-social-follow-link\" title=\"\" href=\"http:\/\/wa.me\/+905336255337\" area-label=\"whatsapp\" target=\"_self\" ><i class=\"fa-brands fa-whatsapp\"><\/i><\/a><\/li><li  class=\"ut-social-follow-1 ut-social-follow-icon-only\"><a class=\"ut-social-follow-link\" title=\"\" href=\"https:\/\/www.instagram.com\/milacreativeworks\/\" area-label=\"instagram\" target=\"_blank\" ><i class=\"fa-brands fa-instagram\"><\/i><\/a><\/li><li  class=\"ut-social-follow-2 ut-social-follow-icon-only\"><a class=\"ut-social-follow-link\" title=\"\" href=\"#\" area-label=\"youtube\" target=\"_self\" ><i class=\"fa-brands fa-youtube\"><\/i><\/a><\/li><li  class=\"ut-social-follow-3 ut-social-follow-icon-only\"><a class=\"ut-social-follow-link\" title=\"\" href=\"#\" area-label=\"linkedin\" target=\"_self\" ><i class=\"fa-brands fa-linkedin\"><\/i><\/a><\/li><\/ul><\/div><\/div><\/div><\/div><\/div><div class=\"vc_row-full-width vc_clearfix\"><\/div><a data-id=\"section-without-id\" class=\"ut-vc-offset-anchor-bottom\" name=\"section-without-id\"><\/a><\/section><div class=\"vc_row-full-width vc_clearfix\"><\/div>\n<\/div>","protected":false},"excerpt":{"rendered":"Get Connected.Every connection is the start of a new idea. Please fill out the form below to share your project ideas, requests or inquiries. Our team will get back to you as soon as possible. Full Name Email Address Phone Number (Optional) Project Type (You can select more than one) ProductionPost-ProductionAnimationColor GradingOther Project Title \/ [...]","protected":false},"author":1,"featured_media":0,"parent":0,"menu_order":0,"comment_status":"closed","ping_status":"closed","template":"","meta":{"footnotes":""},"class_list":["post-8790","page","type-page","status-publish","hentry"],"_links":{"self":[{"href":"https:\/\/milacreativeworks.com\/tr\/wp-json\/wp\/v2\/pages\/8790","targetHints":{"allow":["GET"]}}],"collection":[{"href":"https:\/\/milacreativeworks.com\/tr\/wp-json\/wp\/v2\/pages"}],"about":[{"href":"https:\/\/milacreativeworks.com\/tr\/wp-json\/wp\/v2\/types\/page"}],"author":[{"embeddable":true,"href":"https:\/\/milacreativeworks.com\/tr\/wp-json\/wp\/v2\/users\/1"}],"replies":[{"embeddable":true,"href":"https:\/\/milacreativeworks.com\/tr\/wp-json\/wp\/v2\/comments?post=8790"}],"version-history":[{"count":39,"href":"https:\/\/milacreativeworks.com\/tr\/wp-json\/wp\/v2\/pages\/8790\/revisions"}],"predecessor-version":[{"id":8867,"href":"https:\/\/milacreativeworks.com\/tr\/wp-json\/wp\/v2\/pages\/8790\/revisions\/8867"}],"wp:attachment":[{"href":"https:\/\/milacreativeworks.com\/tr\/wp-json\/wp\/v2\/media?parent=8790"}],"curies":[{"name":"wp","href":"https:\/\/api.w.org\/{rel}","templated":true}]}}